{"id":715,"date":"2023-01-26T20:56:52","date_gmt":"2023-01-26T20:56:52","guid":{"rendered":"https:\/\/rdcdemosite.com\/?page_id=715"},"modified":"2023-02-10T18:14:40","modified_gmt":"2023-02-10T18:14:40","slug":"books","status":"publish","type":"page","link":"https:\/\/plenaliving.com\/de\/books\/","title":{"rendered":"B\u00fccher"},"content":{"rendered":"<div data-elementor-type=\"wp-page\" data-elementor-id=\"715\" class=\"elementor elementor-715\">\n\t\t\t\t\t\t\t\t\t<section class=\"elementor-section elementor-top-section elementor-element elementor-element-8427eb0 elementor-section-height-min-height elementor-section-boxed elementor-section-height-default elementor-section-items-middle\" data-id=\"8427eb0\" data-element_type=\"section\" data-settings=\"{&quot;background_background&quot;:&quot;classic&quot;}\">\n\t\t\t\t\t\t\t<div class=\"elementor-background-overlay\"><\/div>\n\t\t\t\t\t\t\t<div class=\"elementor-container elementor-column-gap-default\">\n\t\t\t\t\t<div class=\"elementor-column elementor-col-100 elementor-top-column elementor-element elementor-element-264772d\" data-id=\"264772d\" data-element_type=\"column\">\n\t\t\t<div class=\"elementor-widget-wrap elementor-element-populated\">\n\t\t\t\t\t\t\t\t<div class=\"elementor-element elementor-element-3047dd2 elementor-widget elementor-widget-heading\" data-id=\"3047dd2\" data-element_type=\"widget\" data-widget_type=\"heading.default\">\n\t\t\t\t<div class=\"elementor-widget-container\">\n\t\t\t<style>\/*! elementor - v3.10.0 - 09-01-2023 *\/\n.elementor-heading-title{padding:0;margin:0;line-height:1}.elementor-widget-heading .elementor-heading-title[class*=elementor-size-]>a{color:inherit;font-size:inherit;line-height:inherit}.elementor-widget-heading .elementor-heading-title.elementor-size-small{font-size:15px}.elementor-widget-heading .elementor-heading-title.elementor-size-medium{font-size:19px}.elementor-widget-heading .elementor-heading-title.elementor-size-large{font-size:29px}.elementor-widget-heading .elementor-heading-title.elementor-size-xl{font-size:39px}.elementor-widget-heading .elementor-heading-title.elementor-size-xxl{font-size:59px}<\/style><h2 class=\"elementor-heading-title elementor-size-default\">B\u00fccher<\/h2>\t\t<\/div>\n\t\t\t\t<\/div>\n\t\t\t\t\t<\/div>\n\t\t<\/div>\n\t\t\t\t\t\t\t<\/div>\n\t\t<\/section>\n\t\t\t\t<section class=\"elementor-section elementor-top-section elementor-element elementor-element-de9f0ed elementor-section-boxed elementor-section-height-default elementor-section-height-default\" data-id=\"de9f0ed\" data-element_type=\"section\" data-settings=\"{&quot;background_background&quot;:&quot;classic&quot;}\">\n\t\t\t\t\t\t<div class=\"elementor-container elementor-column-gap-default\">\n\t\t\t\t\t<div class=\"elementor-column elementor-col-100 elementor-top-column elementor-element elementor-element-e53bcc4\" data-id=\"e53bcc4\" data-element_type=\"column\">\n\t\t\t<div class=\"elementor-widget-wrap elementor-element-populated\">\n\t\t\t\t\t\t\t\t<div class=\"elementor-element elementor-element-b4ba211 elementor-widget elementor-widget-text-editor\" data-id=\"b4ba211\" data-element_type=\"widget\" data-widget_type=\"text-editor.default\">\n\t\t\t\t<div class=\"elementor-widget-container\">\n\t\t\t<style>\/*! elementor - v3.10.0 - 09-01-2023 *\/\n.elementor-widget-text-editor.elementor-drop-cap-view-stacked .elementor-drop-cap{background-color:#818a91;color:#fff}.elementor-widget-text-editor.elementor-drop-cap-view-framed .elementor-drop-cap{color:#818a91;border:3px solid;background-color:transparent}.elementor-widget-text-editor:not(.elementor-drop-cap-view-default) .elementor-drop-cap{margin-top:8px}.elementor-widget-text-editor:not(.elementor-drop-cap-view-default) .elementor-drop-cap-letter{width:1em;height:1em}.elementor-widget-text-editor .elementor-drop-cap{float:left;text-align:center;line-height:1;font-size:50px}.elementor-widget-text-editor .elementor-drop-cap-letter{display:inline-block}<\/style>\t\t\t\t<p class=\"preFade fadeIn\"><strong>\u00c4hnlich wie die Auswahl im Lebensmittelladen kann die Menge an Informationen, die uns zur Verf\u00fcgung steht, \u00fcberfordernd sein. Sicherlich ist es unglaublich wertvoll, Zugang zu einer solchen Menge an Informationen zu haben. Die schiere Menge jedoch, vor allem wenn man mit einem v\u00f6llig neuen Thema beginnen will, kann sich manchmal auch entmutigend anf\u00fchlen. Ich helfe dir gerne dabei!<\/strong><\/p><p class=\"preFade fadeIn\">Unten findest du eine Sammlung einiger meiner pers\u00f6nlichen Lieblingsb\u00fccher zum Thema \u201cganzheitliche Gesundheit\u201d, die ich gerne weiterempfehle - Klicke unten einfach auf den Buchumschlag, um mehr \u00fcber das Buch und den Autor zu erfahren. Mein Ziel ist es, diese Seite stetig zu updaten um dir noch einige weitere B\u00fccher zu pr\u00e4sentieren, die dir auf deiner Reise behilflich sein k\u00f6nnen. Schaue also bald wieder vorbei.<\/p>\t\t\t\t\t\t<\/div>\n\t\t\t\t<\/div>\n\t\t\t\t\t<\/div>\n\t\t<\/div>\n\t\t\t\t\t\t\t<\/div>\n\t\t<\/section>\n\t\t\t\t<section class=\"elementor-section elementor-top-section elementor-element elementor-element-d58c0d0 elementor-section-boxed elementor-section-height-default elementor-section-height-default\" data-id=\"d58c0d0\" data-element_type=\"section\">\n\t\t\t\t\t\t<div class=\"elementor-container elementor-column-gap-default\">\n\t\t\t\t\t<div class=\"elementor-column elementor-col-33 elementor-top-column elementor-element elementor-element-898505d\" data-id=\"898505d\" data-element_type=\"column\">\n\t\t\t<div class=\"elementor-widget-wrap elementor-element-populated\">\n\t\t\t\t\t\t\t\t<div class=\"elementor-element elementor-element-0821fde e-transform elementor-widget elementor-widget-image\" data-id=\"0821fde\" data-element_type=\"widget\" data-settings=\"{&quot;_transform_scale_effect_hover&quot;:{&quot;unit&quot;:&quot;px&quot;,&quot;size&quot;:1.100000000000000088817841970012523233890533447265625,&quot;sizes&quot;:[]},&quot;_transform_scale_effect_hover_tablet&quot;:{&quot;unit&quot;:&quot;px&quot;,&quot;size&quot;:&quot;&quot;,&quot;sizes&quot;:[]},&quot;_transform_scale_effect_hover_mobile&quot;:{&quot;unit&quot;:&quot;px&quot;,&quot;size&quot;:&quot;&quot;,&quot;sizes&quot;:[]}}\" data-widget_type=\"image.default\">\n\t\t\t\t<div class=\"elementor-widget-container\">\n\t\t\t<style>\/*! elementor - v3.10.0 - 09-01-2023 *\/\n.elementor-widget-image{text-align:center}.elementor-widget-image a{display:inline-block}.elementor-widget-image a img[src$=\".svg\"]{width:48px}.elementor-widget-image img{vertical-align:middle;display:inline-block}<\/style>\t\t\t\t\t\t\t\t\t\t\t\t\t<a href=\"https:\/\/www.amazon.com\/How-Not-Diet-Groundbreaking-Permanent-ebook\/dp\/B07LF6GFRR\/ref=sr_1_1?dchild=1&#038;keywords=how%20not%20to%20diet&#038;qid=1616012903&#038;s=digital-text&#038;sr=1-1\">\n\t\t\t\t\t\t\t<img loading=\"lazy\" decoding=\"async\" width=\"300\" height=\"458\" src=\"https:\/\/plenaliving.com\/wp-content\/uploads\/2023\/02\/Greger_HowNotToDiet.png\" class=\"attachment-large size-large wp-image-978\" alt=\"\" srcset=\"https:\/\/plenaliving.com\/wp-content\/uploads\/2023\/02\/Greger_HowNotToDiet.png 300w, https:\/\/plenaliving.com\/wp-content\/uploads\/2023\/02\/Greger_HowNotToDiet-197x300.png 197w, https:\/\/plenaliving.com\/wp-content\/uploads\/2023\/02\/Greger_HowNotToDiet-8x12.png 8w\" sizes=\"auto, (max-width: 300px) 100vw, 300px\" \/>\t\t\t\t\t\t\t\t<\/a>\n\t\t\t\t\t\t\t\t\t\t\t\t\t\t\t<\/div>\n\t\t\t\t<\/div>\n\t\t\t\t\t<\/div>\n\t\t<\/div>\n\t\t\t\t<div class=\"elementor-column elementor-col-33 elementor-top-column elementor-element elementor-element-ceba136\" data-id=\"ceba136\" data-element_type=\"column\">\n\t\t\t<div class=\"elementor-widget-wrap elementor-element-populated\">\n\t\t\t\t\t\t\t\t<div class=\"elementor-element elementor-element-698a24f e-transform elementor-widget elementor-widget-image\" data-id=\"698a24f\" data-element_type=\"widget\" data-settings=\"{&quot;_transform_scale_effect_hover&quot;:{&quot;unit&quot;:&quot;px&quot;,&quot;size&quot;:1.100000000000000088817841970012523233890533447265625,&quot;sizes&quot;:[]},&quot;_transform_scale_effect_hover_tablet&quot;:{&quot;unit&quot;:&quot;px&quot;,&quot;size&quot;:&quot;&quot;,&quot;sizes&quot;:[]},&quot;_transform_scale_effect_hover_mobile&quot;:{&quot;unit&quot;:&quot;px&quot;,&quot;size&quot;:&quot;&quot;,&quot;sizes&quot;:[]}}\" data-widget_type=\"image.default\">\n\t\t\t\t<div class=\"elementor-widget-container\">\n\t\t\t\t\t\t\t\t\t\t\t\t\t\t\t\t<a href=\"https:\/\/plantproof.com\/book\/\">\n\t\t\t\t\t\t\t<img loading=\"lazy\" decoding=\"async\" width=\"300\" height=\"458\" src=\"https:\/\/plenaliving.com\/wp-content\/uploads\/2023\/02\/Hill_ProofinthePlants.png\" class=\"attachment-large size-large wp-image-982\" alt=\"\" srcset=\"https:\/\/plenaliving.com\/wp-content\/uploads\/2023\/02\/Hill_ProofinthePlants.png 300w, https:\/\/plenaliving.com\/wp-content\/uploads\/2023\/02\/Hill_ProofinthePlants-197x300.png 197w, https:\/\/plenaliving.com\/wp-content\/uploads\/2023\/02\/Hill_ProofinthePlants-8x12.png 8w\" sizes=\"auto, (max-width: 300px) 100vw, 300px\" \/>\t\t\t\t\t\t\t\t<\/a>\n\t\t\t\t\t\t\t\t\t\t\t\t\t\t\t<\/div>\n\t\t\t\t<\/div>\n\t\t\t\t\t<\/div>\n\t\t<\/div>\n\t\t\t\t<div class=\"elementor-column elementor-col-33 elementor-top-column elementor-element elementor-element-8a124d8\" data-id=\"8a124d8\" data-element_type=\"column\">\n\t\t\t<div class=\"elementor-widget-wrap elementor-element-populated\">\n\t\t\t\t\t\t\t\t<div class=\"elementor-element elementor-element-944e560 e-transform elementor-widget elementor-widget-image\" data-id=\"944e560\" data-element_type=\"widget\" data-settings=\"{&quot;_transform_scale_effect_hover&quot;:{&quot;unit&quot;:&quot;px&quot;,&quot;size&quot;:1.100000000000000088817841970012523233890533447265625,&quot;sizes&quot;:[]},&quot;_transform_scale_effect_hover_tablet&quot;:{&quot;unit&quot;:&quot;px&quot;,&quot;size&quot;:&quot;&quot;,&quot;sizes&quot;:[]},&quot;_transform_scale_effect_hover_mobile&quot;:{&quot;unit&quot;:&quot;px&quot;,&quot;size&quot;:&quot;&quot;,&quot;sizes&quot;:[]}}\" data-widget_type=\"image.default\">\n\t\t\t\t<div class=\"elementor-widget-container\">\n\t\t\t\t\t\t\t\t\t\t\t\t\t\t\t\t<a href=\"https:\/\/www.amazon.com\/Gifts-Imperfection-Think-Supposed-Embrace-ebook\/dp\/B00BS03LL6\/ref=tmm_kin_swatch_0?_encoding=UTF8&#038;qid=1616012988&#038;sr=8-1\">\n\t\t\t\t\t\t\t<img loading=\"lazy\" decoding=\"async\" width=\"300\" height=\"458\" src=\"https:\/\/plenaliving.com\/wp-content\/uploads\/2023\/02\/Brown_GiftsOfImperfection.png\" class=\"attachment-large size-large wp-image-983\" alt=\"\" srcset=\"https:\/\/plenaliving.com\/wp-content\/uploads\/2023\/02\/Brown_GiftsOfImperfection.png 300w, https:\/\/plenaliving.com\/wp-content\/uploads\/2023\/02\/Brown_GiftsOfImperfection-197x300.png 197w, https:\/\/plenaliving.com\/wp-content\/uploads\/2023\/02\/Brown_GiftsOfImperfection-8x12.png 8w\" sizes=\"auto, (max-width: 300px) 100vw, 300px\" \/>\t\t\t\t\t\t\t\t<\/a>\n\t\t\t\t\t\t\t\t\t\t\t\t\t\t\t<\/div>\n\t\t\t\t<\/div>\n\t\t\t\t\t<\/div>\n\t\t<\/div>\n\t\t\t\t\t\t\t<\/div>\n\t\t<\/section>\n\t\t\t\t<section class=\"elementor-section elementor-top-section elementor-element elementor-element-763142f elementor-section-boxed elementor-section-height-default elementor-section-height-default\" data-id=\"763142f\" data-element_type=\"section\">\n\t\t\t\t\t\t<div class=\"elementor-container elementor-column-gap-default\">\n\t\t\t\t\t<div class=\"elementor-column elementor-col-33 elementor-top-column elementor-element elementor-element-11fd5ce\" data-id=\"11fd5ce\" data-element_type=\"column\">\n\t\t\t<div class=\"elementor-widget-wrap elementor-element-populated\">\n\t\t\t\t\t\t\t\t<div class=\"elementor-element elementor-element-bddc555 e-transform elementor-widget elementor-widget-image\" data-id=\"bddc555\" data-element_type=\"widget\" data-settings=\"{&quot;_transform_scale_effect_hover&quot;:{&quot;unit&quot;:&quot;px&quot;,&quot;size&quot;:1.100000000000000088817841970012523233890533447265625,&quot;sizes&quot;:[]},&quot;_transform_scale_effect_hover_tablet&quot;:{&quot;unit&quot;:&quot;px&quot;,&quot;size&quot;:&quot;&quot;,&quot;sizes&quot;:[]},&quot;_transform_scale_effect_hover_mobile&quot;:{&quot;unit&quot;:&quot;px&quot;,&quot;size&quot;:&quot;&quot;,&quot;sizes&quot;:[]}}\" data-widget_type=\"image.default\">\n\t\t\t\t<div class=\"elementor-widget-container\">\n\t\t\t\t\t\t\t\t\t\t\t\t\t\t\t\t<a href=\"https:\/\/www.amazon.com\/Body-Keeps-Score-Healing-Trauma-ebook\/dp\/B00G3L1C2K\/ref=tmm_kin_swatch_0?_encoding=UTF8&#038;qid=1616013001&#038;sr=8-1\">\n\t\t\t\t\t\t\t<img loading=\"lazy\" decoding=\"async\" width=\"300\" height=\"458\" src=\"https:\/\/plenaliving.com\/wp-content\/uploads\/2023\/02\/Vanderkolk_TheBodyKeepsTheScore.png\" class=\"attachment-large size-large wp-image-984\" alt=\"\" srcset=\"https:\/\/plenaliving.com\/wp-content\/uploads\/2023\/02\/Vanderkolk_TheBodyKeepsTheScore.png 300w, https:\/\/plenaliving.com\/wp-content\/uploads\/2023\/02\/Vanderkolk_TheBodyKeepsTheScore-197x300.png 197w, https:\/\/plenaliving.com\/wp-content\/uploads\/2023\/02\/Vanderkolk_TheBodyKeepsTheScore-8x12.png 8w\" sizes=\"auto, (max-width: 300px) 100vw, 300px\" \/>\t\t\t\t\t\t\t\t<\/a>\n\t\t\t\t\t\t\t\t\t\t\t\t\t\t\t<\/div>\n\t\t\t\t<\/div>\n\t\t\t\t\t<\/div>\n\t\t<\/div>\n\t\t\t\t<div class=\"elementor-column elementor-col-33 elementor-top-column elementor-element elementor-element-6ea033a\" data-id=\"6ea033a\" data-element_type=\"column\">\n\t\t\t<div class=\"elementor-widget-wrap elementor-element-populated\">\n\t\t\t\t\t\t\t\t<div class=\"elementor-element elementor-element-68131b3 e-transform elementor-widget elementor-widget-image\" data-id=\"68131b3\" data-element_type=\"widget\" data-settings=\"{&quot;_transform_scale_effect_hover&quot;:{&quot;unit&quot;:&quot;px&quot;,&quot;size&quot;:1.100000000000000088817841970012523233890533447265625,&quot;sizes&quot;:[]},&quot;_transform_scale_effect_hover_tablet&quot;:{&quot;unit&quot;:&quot;px&quot;,&quot;size&quot;:&quot;&quot;,&quot;sizes&quot;:[]},&quot;_transform_scale_effect_hover_mobile&quot;:{&quot;unit&quot;:&quot;px&quot;,&quot;size&quot;:&quot;&quot;,&quot;sizes&quot;:[]}}\" data-widget_type=\"image.default\">\n\t\t\t\t<div class=\"elementor-widget-container\">\n\t\t\t\t\t\t\t\t\t\t\t\t\t\t\t\t<a href=\"https:\/\/www.amazon.com\/Fiber-Fueled-Plant-Based-Optimizing-Microbiome-ebook\/dp\/B07ZY7J2XW\/ref=tmm_kin_swatch_0?_encoding=UTF8&#038;qid=1616013018&#038;sr=8-1\">\n\t\t\t\t\t\t\t<img loading=\"lazy\" decoding=\"async\" width=\"300\" height=\"458\" src=\"https:\/\/plenaliving.com\/wp-content\/uploads\/2023\/02\/Bulsiewicz_FiberFueled.png\" class=\"attachment-large size-large wp-image-985\" alt=\"\" srcset=\"https:\/\/plenaliving.com\/wp-content\/uploads\/2023\/02\/Bulsiewicz_FiberFueled.png 300w, https:\/\/plenaliving.com\/wp-content\/uploads\/2023\/02\/Bulsiewicz_FiberFueled-197x300.png 197w, https:\/\/plenaliving.com\/wp-content\/uploads\/2023\/02\/Bulsiewicz_FiberFueled-8x12.png 8w\" sizes=\"auto, (max-width: 300px) 100vw, 300px\" \/>\t\t\t\t\t\t\t\t<\/a>\n\t\t\t\t\t\t\t\t\t\t\t\t\t\t\t<\/div>\n\t\t\t\t<\/div>\n\t\t\t\t\t<\/div>\n\t\t<\/div>\n\t\t\t\t<div class=\"elementor-column elementor-col-33 elementor-top-column elementor-element elementor-element-6c2dc53\" data-id=\"6c2dc53\" data-element_type=\"column\">\n\t\t\t<div class=\"elementor-widget-wrap elementor-element-populated\">\n\t\t\t\t\t\t\t\t<div class=\"elementor-element elementor-element-0d715dc e-transform elementor-widget elementor-widget-image\" data-id=\"0d715dc\" data-element_type=\"widget\" data-settings=\"{&quot;_transform_scale_effect_hover&quot;:{&quot;unit&quot;:&quot;px&quot;,&quot;size&quot;:1.100000000000000088817841970012523233890533447265625,&quot;sizes&quot;:[]},&quot;_transform_scale_effect_hover_tablet&quot;:{&quot;unit&quot;:&quot;px&quot;,&quot;size&quot;:&quot;&quot;,&quot;sizes&quot;:[]},&quot;_transform_scale_effect_hover_mobile&quot;:{&quot;unit&quot;:&quot;px&quot;,&quot;size&quot;:&quot;&quot;,&quot;sizes&quot;:[]}}\" data-widget_type=\"image.default\">\n\t\t\t\t<div class=\"elementor-widget-container\">\n\t\t\t\t\t\t\t\t\t\t\t\t\t\t\t\t<a href=\"https:\/\/www.amazon.com\/China-Study-Comprehensive-Nutrition-Implications-ebook\/dp\/B01LYGP469\/ref=tmm_kin_swatch_0?_encoding=UTF8&#038;qid=1616013032&#038;sr=8-1\">\n\t\t\t\t\t\t\t<img loading=\"lazy\" decoding=\"async\" width=\"300\" height=\"458\" src=\"https:\/\/plenaliving.com\/wp-content\/uploads\/2023\/02\/Campbell_ChinaStudy.png\" class=\"attachment-large size-large wp-image-986\" alt=\"\" srcset=\"https:\/\/plenaliving.com\/wp-content\/uploads\/2023\/02\/Campbell_ChinaStudy.png 300w, https:\/\/plenaliving.com\/wp-content\/uploads\/2023\/02\/Campbell_ChinaStudy-197x300.png 197w, https:\/\/plenaliving.com\/wp-content\/uploads\/2023\/02\/Campbell_ChinaStudy-8x12.png 8w\" sizes=\"auto, (max-width: 300px) 100vw, 300px\" \/>\t\t\t\t\t\t\t\t<\/a>\n\t\t\t\t\t\t\t\t\t\t\t\t\t\t\t<\/div>\n\t\t\t\t<\/div>\n\t\t\t\t\t<\/div>\n\t\t<\/div>\n\t\t\t\t\t\t\t<\/div>\n\t\t<\/section>\n\t\t\t\t\t\t\t<\/div>","protected":false},"excerpt":{"rendered":"<p>Books Much like our options in the market or at the grocery store, the amount at our fingertips can often be a lot to take in. Certainly we are incredibly fortunate to have access to the amount of research and information that we do, but the sheer volume can feel daunting when you\u2019re wanting to [&hellip;]<\/p>","protected":false},"author":1,"featured_media":0,"parent":0,"menu_order":0,"comment_status":"closed","ping_status":"closed","template":"elementor_header_footer","meta":{"footnotes":""},"class_list":["post-715","page","type-page","status-publish","hentry"],"_links":{"self":[{"href":"https:\/\/plenaliving.com\/de\/wp-json\/wp\/v2\/pages\/715","targetHints":{"allow":["GET"]}}],"collection":[{"href":"https:\/\/plenaliving.com\/de\/wp-json\/wp\/v2\/pages"}],"about":[{"href":"https:\/\/plenaliving.com\/de\/wp-json\/wp\/v2\/types\/page"}],"author":[{"embeddable":true,"href":"https:\/\/plenaliving.com\/de\/wp-json\/wp\/v2\/users\/1"}],"replies":[{"embeddable":true,"href":"https:\/\/plenaliving.com\/de\/wp-json\/wp\/v2\/comments?post=715"}],"version-history":[{"count":25,"href":"https:\/\/plenaliving.com\/de\/wp-json\/wp\/v2\/pages\/715\/revisions"}],"predecessor-version":[{"id":1686,"href":"https:\/\/plenaliving.com\/de\/wp-json\/wp\/v2\/pages\/715\/revisions\/1686"}],"wp:attachment":[{"href":"https:\/\/plenaliving.com\/de\/wp-json\/wp\/v2\/media?parent=715"}],"curies":[{"name":"wp","href":"https:\/\/api.w.org\/{rel}","templated":true}]}}